{"id":74,"date":"2024-01-30T15:01:14","date_gmt":"2024-01-30T15:01:14","guid":{"rendered":"https:\/\/poliklinika-mediderm.com\/novosti\/"},"modified":"2024-01-30T16:50:33","modified_gmt":"2024-01-30T16:50:33","slug":"novosti","status":"publish","type":"page","link":"https:\/\/poliklinika-mediderm.com\/hr\/novosti\/","title":{"rendered":"Novosti"},"content":{"rendered":"\t\t<div data-elementor-type=\"wp-page\" data-elementor-id=\"74\" class=\"elementor elementor-74\" data-elementor-post-type=\"page\">\n\t\t\t\t\t\t<section class=\"elementor-section elementor-top-section elementor-element elementor-element-65f7b17e elementor-section-boxed elementor-section-height-default elementor-section-height-default\" data-id=\"65f7b17e\" data-element_type=\"section\" data-e-type=\"section\" data-settings=\"{&quot;jet_parallax_layout_list&quot;:[]}\">\n\t\t\t\t\t\t<div class=\"elementor-container elementor-column-gap-default\">\n\t\t\t\t\t<div class=\"elementor-column elementor-col-100 elementor-top-column elementor-element elementor-element-1c39d1b7\" data-id=\"1c39d1b7\" data-element_type=\"column\" data-e-type=\"column\">\n\t\t\t<div class=\"elementor-widget-wrap elementor-element-populated\">\n\t\t\t\t\t\t<div class=\"elementor-element elementor-element-f0681e0 elementor-hidden-tablet elementor-hidden-mobile elementor-widget elementor-widget-heading\" data-id=\"f0681e0\" data-element_type=\"widget\" data-e-type=\"widget\" data-widget_type=\"heading.default\">\n\t\t\t\t<div class=\"elementor-widget-container\">\n\t\t\t\t\t<h1 class=\"elementor-heading-title elementor-size-default\">Novosti<\/h1>\t\t\t\t<\/div>\n\t\t\t\t<\/div>\n\t\t\t\t<div class=\"elementor-element elementor-element-7d50899 elementor-hidden-desktop elementor-widget elementor-widget-heading\" data-id=\"7d50899\" data-element_type=\"widget\" data-e-type=\"widget\" data-widget_type=\"heading.default\">\n\t\t\t\t<div class=\"elementor-widget-container\">\n\t\t\t\t\t<h1 class=\"elementor-heading-title elementor-size-default\">Novosti<\/h1>\t\t\t\t<\/div>\n\t\t\t\t<\/div>\n\t\t\t\t<div class=\"elementor-element elementor-element-10ca4cf8 elementor-posts__hover-none elementor-grid-2 elementor-grid-tablet-2 elementor-grid-mobile-1 elementor-posts--thumbnail-top elementor-widget elementor-widget-posts\" data-id=\"10ca4cf8\" data-element_type=\"widget\" data-e-type=\"widget\" data-settings=\"{&quot;cards_row_gap&quot;:{&quot;unit&quot;:&quot;px&quot;,&quot;size&quot;:&quot;50&quot;,&quot;sizes&quot;:[]},&quot;cards_columns&quot;:&quot;2&quot;,&quot;cards_columns_tablet&quot;:&quot;2&quot;,&quot;cards_columns_mobile&quot;:&quot;1&quot;,&quot;cards_row_gap_tablet&quot;:{&quot;unit&quot;:&quot;px&quot;,&quot;size&quot;:&quot;&quot;,&quot;sizes&quot;:[]},&quot;cards_row_gap_mobile&quot;:{&quot;unit&quot;:&quot;px&quot;,&quot;size&quot;:&quot;&quot;,&quot;sizes&quot;:[]}}\" data-widget_type=\"posts.cards\">\n\t\t\t\t<div class=\"elementor-widget-container\">\n\t\t\t\t\t\t\t<div class=\"elementor-posts-container elementor-posts elementor-posts--skin-cards elementor-grid\" role=\"list\">\n\t\t\t\t<article class=\"elementor-post elementor-grid-item post-119 post type-post status-publish format-standard has-post-thumbnail hentry category-dermatologija\" role=\"listitem\">\n\t\t\t<div class=\"elementor-post__card\">\n\t\t\t\t<a class=\"elementor-post__thumbnail__link\" href=\"https:\/\/poliklinika-mediderm.com\/hr\/2024\/01\/30\/medtronic-venaseal-novo-u-poliklinici-mediderm\/\" tabindex=\"-1\" ><div class=\"elementor-post__thumbnail\"><img fetchpriority=\"high\" decoding=\"async\" width=\"1355\" height=\"1020\" src=\"https:\/\/poliklinika-mediderm.com\/wp-content\/uploads\/2024\/01\/vene-1355x1020-2.jpg\" class=\"attachment-full size-full wp-image-218\" alt=\"\" srcset=\"https:\/\/poliklinika-mediderm.com\/wp-content\/uploads\/2024\/01\/vene-1355x1020-2.jpg 1355w, https:\/\/poliklinika-mediderm.com\/wp-content\/uploads\/2024\/01\/vene-1355x1020-2-300x226.jpg 300w, https:\/\/poliklinika-mediderm.com\/wp-content\/uploads\/2024\/01\/vene-1355x1020-2-1024x771.jpg 1024w, https:\/\/poliklinika-mediderm.com\/wp-content\/uploads\/2024\/01\/vene-1355x1020-2-768x578.jpg 768w, https:\/\/poliklinika-mediderm.com\/wp-content\/uploads\/2024\/01\/vene-1355x1020-2-16x12.jpg 16w\" sizes=\"(max-width: 1355px) 100vw, 1355px\" \/><\/div><\/a>\n\t\t\t\t<div class=\"elementor-post__badge\">Dermatologija<\/div>\n\t\t\t\t<div class=\"elementor-post__text\">\n\t\t\t\t<h3 class=\"elementor-post__title\">\n\t\t\t<a href=\"https:\/\/poliklinika-mediderm.com\/hr\/2024\/01\/30\/medtronic-venaseal-novo-u-poliklinici-mediderm\/\" >\n\t\t\t\tMedtronic Venaseal &#8211; Novo u Poliklinici Mediderm!\t\t\t<\/a>\n\t\t<\/h3>\n\t\t\t\t<\/div>\n\t\t\t\t<div class=\"elementor-post__meta-data\">\n\t\t\t\t\t<span class=\"elementor-post-date\">\n\t\t\t30 sije\u010dnja, 2024\t\t<\/span>\n\t\t\t\t<\/div>\n\t\t\t\t\t<\/div>\n\t\t<\/article>\n\t\t\t\t<article class=\"elementor-post elementor-grid-item post-118 post type-post status-publish format-standard has-post-thumbnail hentry category-anti-age\" role=\"listitem\">\n\t\t\t<div class=\"elementor-post__card\">\n\t\t\t\t<a class=\"elementor-post__thumbnail__link\" href=\"https:\/\/poliklinika-mediderm.com\/hr\/2024\/01\/30\/5-anti-age-savjeta\/\" tabindex=\"-1\" ><div class=\"elementor-post__thumbnail\"><img decoding=\"async\" width=\"1355\" height=\"1020\" src=\"https:\/\/poliklinika-mediderm.com\/wp-content\/uploads\/2024\/01\/5-anti-aging-savjeta-e1550661236859-1355x1020-1.jpg\" class=\"attachment-full size-full wp-image-228\" alt=\"\" srcset=\"https:\/\/poliklinika-mediderm.com\/wp-content\/uploads\/2024\/01\/5-anti-aging-savjeta-e1550661236859-1355x1020-1.jpg 1355w, https:\/\/poliklinika-mediderm.com\/wp-content\/uploads\/2024\/01\/5-anti-aging-savjeta-e1550661236859-1355x1020-1-300x226.jpg 300w, https:\/\/poliklinika-mediderm.com\/wp-content\/uploads\/2024\/01\/5-anti-aging-savjeta-e1550661236859-1355x1020-1-1024x771.jpg 1024w, https:\/\/poliklinika-mediderm.com\/wp-content\/uploads\/2024\/01\/5-anti-aging-savjeta-e1550661236859-1355x1020-1-768x578.jpg 768w, https:\/\/poliklinika-mediderm.com\/wp-content\/uploads\/2024\/01\/5-anti-aging-savjeta-e1550661236859-1355x1020-1-16x12.jpg 16w\" sizes=\"(max-width: 1355px) 100vw, 1355px\" \/><\/div><\/a>\n\t\t\t\t<div class=\"elementor-post__badge\">Anti Age<\/div>\n\t\t\t\t<div class=\"elementor-post__text\">\n\t\t\t\t<h3 class=\"elementor-post__title\">\n\t\t\t<a href=\"https:\/\/poliklinika-mediderm.com\/hr\/2024\/01\/30\/5-anti-age-savjeta\/\" >\n\t\t\t\t5 anti-age savjeta dr. med. Mie \u0160u\u0161ak Crn\u010devi\u0107\t\t\t<\/a>\n\t\t<\/h3>\n\t\t\t\t<\/div>\n\t\t\t\t<div class=\"elementor-post__meta-data\">\n\t\t\t\t\t<span class=\"elementor-post-date\">\n\t\t\t30 sije\u010dnja, 2024\t\t<\/span>\n\t\t\t\t<\/div>\n\t\t\t\t\t<\/div>\n\t\t<\/article>\n\t\t\t\t<\/div>\n\t\t\n\t\t\t\t\t\t<\/div>\n\t\t\t\t<\/div>\n\t\t\t\t\t<\/div>\n\t\t<\/div>\n\t\t\t\t\t<\/div>\n\t\t<\/section>\n\t\t\t\t<\/div>\n\t\t","protected":false},"excerpt":{"rendered":"<p>Novosti Novosti<\/p>\n","protected":false},"author":1,"featured_media":0,"parent":0,"menu_order":0,"comment_status":"closed","ping_status":"closed","template":"elementor_header_footer","meta":{"_monsterinsights_skip_tracking":false,"_monsterinsights_sitenote_active":false,"_monsterinsights_sitenote_note":"","_monsterinsights_sitenote_category":0,"footnotes":""},"class_list":["post-74","page","type-page","status-publish","hentry"],"yoast_head":"<!-- This site is optimized with the Yoast SEO plugin v27.1.1 - https:\/\/yoast.com\/product\/yoast-seo-wordpress\/ -->\n<title>Novosti - Poliklinika Mediderm<\/title>\n<meta name=\"description\" content=\"MediDerm Clinic, mjesto vrhunske medicinske usluge iz podru\u010dja dermatovenerologije, estetske medicine, kirurgije, pulmologije, kardiologije, ortopedije i dijagnostike.\" \/>\n<meta name=\"robots\" content=\"index, follow, max-snippet:-1, max-image-preview:large, max-video-preview:-1\" \/>\n<link rel=\"canonical\" href=\"https:\/\/poliklinika-mediderm.com\/hr\/novosti\/\" \/>\n<meta property=\"og:locale\" content=\"hr_HR\" \/>\n<meta property=\"og:type\" content=\"article\" \/>\n<meta property=\"og:title\" content=\"Novosti - Poliklinika Mediderm\" \/>\n<meta property=\"og:description\" content=\"MediDerm Clinic, mjesto vrhunske medicinske usluge iz podru\u010dja dermatovenerologije, estetske medicine, kirurgije, pulmologije, kardiologije, ortopedije i dijagnostike.\" \/>\n<meta property=\"og:url\" content=\"https:\/\/poliklinika-mediderm.com\/hr\/novosti\/\" \/>\n<meta property=\"og:site_name\" content=\"Poliklinika Mediderm\" \/>\n<meta property=\"article:publisher\" content=\"https:\/\/www.facebook.com\/PoliklinikaMediDerm\" \/>\n<meta property=\"article:modified_time\" content=\"2024-01-30T16:50:33+00:00\" \/>\n<meta name=\"twitter:card\" content=\"summary_large_image\" \/>\n<meta name=\"twitter:label1\" content=\"Procijenjeno vrijeme \u010ditanja\" \/>\n\t<meta name=\"twitter:data1\" content=\"1 minuta\" \/>\n<script type=\"application\/ld+json\" class=\"yoast-schema-graph\">{\"@context\":\"https:\/\/schema.org\",\"@graph\":[{\"@type\":\"WebPage\",\"@id\":\"https:\/\/poliklinika-mediderm.com\/novosti\/\",\"url\":\"https:\/\/poliklinika-mediderm.com\/novosti\/\",\"name\":\"Novosti - Poliklinika Mediderm\",\"isPartOf\":{\"@id\":\"https:\/\/poliklinika-mediderm.com\/#website\"},\"datePublished\":\"2024-01-30T15:01:14+00:00\",\"dateModified\":\"2024-01-30T16:50:33+00:00\",\"description\":\"MediDerm Clinic, mjesto vrhunske medicinske usluge iz podru\u010dja dermatovenerologije, estetske medicine, kirurgije, pulmologije, kardiologije, ortopedije i dijagnostike.\",\"breadcrumb\":{\"@id\":\"https:\/\/poliklinika-mediderm.com\/novosti\/#breadcrumb\"},\"inLanguage\":\"hr\",\"potentialAction\":[{\"@type\":\"ReadAction\",\"target\":[\"https:\/\/poliklinika-mediderm.com\/novosti\/\"]}]},{\"@type\":\"BreadcrumbList\",\"@id\":\"https:\/\/poliklinika-mediderm.com\/novosti\/#breadcrumb\",\"itemListElement\":[{\"@type\":\"ListItem\",\"position\":1,\"name\":\"Po\u010detna stranica\",\"item\":\"https:\/\/poliklinika-mediderm.com\/hr\/\"},{\"@type\":\"ListItem\",\"position\":2,\"name\":\"Novosti\"}]},{\"@type\":\"WebSite\",\"@id\":\"https:\/\/poliklinika-mediderm.com\/#website\",\"url\":\"https:\/\/poliklinika-mediderm.com\/\",\"name\":\"Poliklinika Mediderm\",\"description\":\"Poliklinika, kirurgija, dermatologija, ...\",\"publisher\":{\"@id\":\"https:\/\/poliklinika-mediderm.com\/#organization\"},\"alternateName\":\"Mediderm Clinic\",\"potentialAction\":[{\"@type\":\"SearchAction\",\"target\":{\"@type\":\"EntryPoint\",\"urlTemplate\":\"https:\/\/poliklinika-mediderm.com\/?s={search_term_string}\"},\"query-input\":{\"@type\":\"PropertyValueSpecification\",\"valueRequired\":true,\"valueName\":\"search_term_string\"}}],\"inLanguage\":\"hr\"},{\"@type\":\"Organization\",\"@id\":\"https:\/\/poliklinika-mediderm.com\/#organization\",\"name\":\"Poliklinika Mediderm\",\"alternateName\":\"Mediderm Clinic\",\"url\":\"https:\/\/poliklinika-mediderm.com\/\",\"logo\":{\"@type\":\"ImageObject\",\"inLanguage\":\"hr\",\"@id\":\"https:\/\/poliklinika-mediderm.com\/#\/schema\/logo\/image\/\",\"url\":\"https:\/\/poliklinika-mediderm.com\/wp-content\/uploads\/2024\/01\/mediderm-logo-01-1.svg\",\"contentUrl\":\"https:\/\/poliklinika-mediderm.com\/wp-content\/uploads\/2024\/01\/mediderm-logo-01-1.svg\",\"caption\":\"Poliklinika Mediderm\"},\"image\":{\"@id\":\"https:\/\/poliklinika-mediderm.com\/#\/schema\/logo\/image\/\"},\"sameAs\":[\"https:\/\/www.facebook.com\/PoliklinikaMediDerm\",\"https:\/\/www.instagram.com\/poliklinika.mediderm\/\"]}]}<\/script>\n<!-- \/ Yoast SEO plugin. -->","yoast_head_json":{"title":"Novosti - Poliklinika Mediderm","description":"MediDerm Clinic, mjesto vrhunske medicinske usluge iz podru\u010dja dermatovenerologije, estetske medicine, kirurgije, pulmologije, kardiologije, ortopedije i dijagnostike.","robots":{"index":"index","follow":"follow","max-snippet":"max-snippet:-1","max-image-preview":"max-image-preview:large","max-video-preview":"max-video-preview:-1"},"canonical":"https:\/\/poliklinika-mediderm.com\/hr\/novosti\/","og_locale":"hr_HR","og_type":"article","og_title":"Novosti - Poliklinika Mediderm","og_description":"MediDerm Clinic, mjesto vrhunske medicinske usluge iz podru\u010dja dermatovenerologije, estetske medicine, kirurgije, pulmologije, kardiologije, ortopedije i dijagnostike.","og_url":"https:\/\/poliklinika-mediderm.com\/hr\/novosti\/","og_site_name":"Poliklinika Mediderm","article_publisher":"https:\/\/www.facebook.com\/PoliklinikaMediDerm","article_modified_time":"2024-01-30T16:50:33+00:00","twitter_card":"summary_large_image","twitter_misc":{"Procijenjeno vrijeme \u010ditanja":"1 minuta"},"schema":{"@context":"https:\/\/schema.org","@graph":[{"@type":"WebPage","@id":"https:\/\/poliklinika-mediderm.com\/novosti\/","url":"https:\/\/poliklinika-mediderm.com\/novosti\/","name":"Novosti - Poliklinika Mediderm","isPartOf":{"@id":"https:\/\/poliklinika-mediderm.com\/#website"},"datePublished":"2024-01-30T15:01:14+00:00","dateModified":"2024-01-30T16:50:33+00:00","description":"MediDerm Clinic, mjesto vrhunske medicinske usluge iz podru\u010dja dermatovenerologije, estetske medicine, kirurgije, pulmologije, kardiologije, ortopedije i dijagnostike.","breadcrumb":{"@id":"https:\/\/poliklinika-mediderm.com\/novosti\/#breadcrumb"},"inLanguage":"hr","potentialAction":[{"@type":"ReadAction","target":["https:\/\/poliklinika-mediderm.com\/novosti\/"]}]},{"@type":"BreadcrumbList","@id":"https:\/\/poliklinika-mediderm.com\/novosti\/#breadcrumb","itemListElement":[{"@type":"ListItem","position":1,"name":"Po\u010detna stranica","item":"https:\/\/poliklinika-mediderm.com\/hr\/"},{"@type":"ListItem","position":2,"name":"Novosti"}]},{"@type":"WebSite","@id":"https:\/\/poliklinika-mediderm.com\/#website","url":"https:\/\/poliklinika-mediderm.com\/","name":"Poliklinika Mediderm","description":"Poliklinika, kirurgija, dermatologija, ...","publisher":{"@id":"https:\/\/poliklinika-mediderm.com\/#organization"},"alternateName":"Mediderm Clinic","potentialAction":[{"@type":"SearchAction","target":{"@type":"EntryPoint","urlTemplate":"https:\/\/poliklinika-mediderm.com\/?s={search_term_string}"},"query-input":{"@type":"PropertyValueSpecification","valueRequired":true,"valueName":"search_term_string"}}],"inLanguage":"hr"},{"@type":"Organization","@id":"https:\/\/poliklinika-mediderm.com\/#organization","name":"Poliklinika Mediderm","alternateName":"Mediderm Clinic","url":"https:\/\/poliklinika-mediderm.com\/","logo":{"@type":"ImageObject","inLanguage":"hr","@id":"https:\/\/poliklinika-mediderm.com\/#\/schema\/logo\/image\/","url":"https:\/\/poliklinika-mediderm.com\/wp-content\/uploads\/2024\/01\/mediderm-logo-01-1.svg","contentUrl":"https:\/\/poliklinika-mediderm.com\/wp-content\/uploads\/2024\/01\/mediderm-logo-01-1.svg","caption":"Poliklinika Mediderm"},"image":{"@id":"https:\/\/poliklinika-mediderm.com\/#\/schema\/logo\/image\/"},"sameAs":["https:\/\/www.facebook.com\/PoliklinikaMediDerm","https:\/\/www.instagram.com\/poliklinika.mediderm\/"]}]}},"_links":{"self":[{"href":"https:\/\/poliklinika-mediderm.com\/hr\/wp-json\/wp\/v2\/pages\/74","targetHints":{"allow":["GET"]}}],"collection":[{"href":"https:\/\/poliklinika-mediderm.com\/hr\/wp-json\/wp\/v2\/pages"}],"about":[{"href":"https:\/\/poliklinika-mediderm.com\/hr\/wp-json\/wp\/v2\/types\/page"}],"author":[{"embeddable":true,"href":"https:\/\/poliklinika-mediderm.com\/hr\/wp-json\/wp\/v2\/users\/1"}],"replies":[{"embeddable":true,"href":"https:\/\/poliklinika-mediderm.com\/hr\/wp-json\/wp\/v2\/comments?post=74"}],"version-history":[{"count":0,"href":"https:\/\/poliklinika-mediderm.com\/hr\/wp-json\/wp\/v2\/pages\/74\/revisions"}],"wp:attachment":[{"href":"https:\/\/poliklinika-mediderm.com\/hr\/wp-json\/wp\/v2\/media?parent=74"}],"curies":[{"name":"wp","href":"https:\/\/api.w.org\/{rel}","templated":true}]}}