{"id":405,"date":"2024-03-20T16:59:57","date_gmt":"2024-03-20T16:59:57","guid":{"rendered":"https:\/\/poliklinika-mediderm.com\/?page_id=405"},"modified":"2024-03-20T17:26:10","modified_gmt":"2024-03-20T17:26:10","slug":"ponuda-sistematskih-pregleda","status":"publish","type":"page","link":"https:\/\/poliklinika-mediderm.com\/hr\/ponuda-sistematskih-pregleda\/","title":{"rendered":"Ponuda sistematskih pregleda"},"content":{"rendered":"\t\t<div data-elementor-type=\"wp-page\" data-elementor-id=\"405\" class=\"elementor elementor-405\" data-elementor-post-type=\"page\">\n\t\t\t\t\t\t<section class=\"elementor-section elementor-top-section elementor-element elementor-element-4fdcd74 elementor-section-height-min-height elementor-section-items-stretch elementor-section-boxed elementor-section-height-default\" data-id=\"4fdcd74\" data-element_type=\"section\" data-e-type=\"section\" data-settings=\"{&quot;jet_parallax_layout_list&quot;:[]}\">\n\t\t\t\t\t\t<div class=\"elementor-container elementor-column-gap-no\">\n\t\t\t\t\t<div class=\"elementor-column elementor-col-100 elementor-top-column elementor-element elementor-element-f21b045\" data-id=\"f21b045\" data-element_type=\"column\" data-e-type=\"column\">\n\t\t\t<div class=\"elementor-widget-wrap elementor-element-populated\">\n\t\t\t\t\t\t<div class=\"elementor-element elementor-element-694689a elementor-hidden-tablet elementor-hidden-mobile elementor-widget elementor-widget-heading\" data-id=\"694689a\" data-element_type=\"widget\" data-e-type=\"widget\" data-widget_type=\"heading.default\">\n\t\t\t\t<div class=\"elementor-widget-container\">\n\t\t\t\t\t<h2 class=\"elementor-heading-title elementor-size-default\">Ponuda sistematskih pregleda<\/h2>\t\t\t\t<\/div>\n\t\t\t\t<\/div>\n\t\t\t\t<div class=\"elementor-element elementor-element-99fe3a0 elementor-hidden-desktop elementor-widget elementor-widget-heading\" data-id=\"99fe3a0\" data-element_type=\"widget\" data-e-type=\"widget\" data-widget_type=\"heading.default\">\n\t\t\t\t<div class=\"elementor-widget-container\">\n\t\t\t\t\t<h2 class=\"elementor-heading-title elementor-size-default\">POnuda sistematskih pregleda<\/h2>\t\t\t\t<\/div>\n\t\t\t\t<\/div>\n\t\t\t\t<div class=\"elementor-element elementor-element-a516a0b elementor-widget elementor-widget-text-editor\" data-id=\"a516a0b\" data-element_type=\"widget\" data-e-type=\"widget\" data-widget_type=\"text-editor.default\">\n\t\t\t\t<div class=\"elementor-widget-container\">\n\t\t\t\t\t\t\t\t\t<p>U poliklinici Mediderm , u Splitu , Peri\u010di\u0107eva 1, Marvie hotel &amp; health mo\u017ee se obaviti sistematski pregled uz personalizirani pristup, vrhunski tim stru\u010dnjaka i modernu dijagnosti\u010dku opremu u vidu prevencije kardiovaskularnog, mo\u017edanog udara, malignih bolesti, melanoma ( malignog tumora ko\u017ee i sluznica sa brzim metastatskim promjenama). Istaknuli bi sportski sistematski preventivni pregled posebno mla\u0111ih kategorija sporta\u0161a zbog procjene kardiovaskularnog rizika te pro\u0161ireni , personalizirani sportski sistematski pregled prema dobnim skupinama i obiteljskoj predispoziciji.<\/p>\t\t\t\t\t\t\t\t<\/div>\n\t\t\t\t<\/div>\n\t\t\t\t<div class=\"elementor-element elementor-element-67fcc72 elementor-widget elementor-widget-heading\" data-id=\"67fcc72\" data-element_type=\"widget\" data-e-type=\"widget\" data-widget_type=\"heading.default\">\n\t\t\t\t<div class=\"elementor-widget-container\">\n\t\t\t\t\t<h3 class=\"elementor-heading-title elementor-size-default\">Program sistematskih pregleda obuhva\u0107a:<\/h3>\t\t\t\t<\/div>\n\t\t\t\t<\/div>\n\t\t\t\t<div class=\"elementor-element elementor-element-958a8f2 elementor-widget elementor-widget-text-editor\" data-id=\"958a8f2\" data-element_type=\"widget\" data-e-type=\"widget\" data-widget_type=\"text-editor.default\">\n\t\t\t\t<div class=\"elementor-widget-container\">\n\t\t\t\t\t\t\t\t\t<ul><li>Osnovni sistematski pregled \u017eena i mu\u0161karaca.<\/li><li>Pro\u0161ireni ( personalizirani ) sistematski pregled \u017eena i mu\u0161karaca prema dobnim skupinama.<\/li><li>Menad\u017eerski ( sistematski pregled \u017eena i mu\u0161karaca. Prevencija kardijalnog i mo\u017edanog udara.<\/li><li>Preventivni sportski kardiolo\u0161ki pregled uz procjenu kardiovaskularnog rizika.<\/li><li>Preventivni sistematski sportski ( personalizirani ) pro\u0161ireni pregled.<\/li><\/ul>\t\t\t\t\t\t\t\t<\/div>\n\t\t\t\t<\/div>\n\t\t\t\t<div class=\"elementor-element elementor-element-09ee0d9 elementor-widget elementor-widget-heading\" data-id=\"09ee0d9\" data-element_type=\"widget\" data-e-type=\"widget\" data-widget_type=\"heading.default\">\n\t\t\t\t<div class=\"elementor-widget-container\">\n\t\t\t\t\t<h3 class=\"elementor-heading-title elementor-size-default\">Osnovni sistematski pregled za \u017eene :<\/h3>\t\t\t\t<\/div>\n\t\t\t\t<\/div>\n\t\t\t\t<div class=\"elementor-element elementor-element-f59f04b elementor-widget elementor-widget-text-editor\" data-id=\"f59f04b\" data-element_type=\"widget\" data-e-type=\"widget\" data-widget_type=\"text-editor.default\">\n\t\t\t\t<div class=\"elementor-widget-container\">\n\t\t\t\t\t\t\t\t\t<ul><li>Laboratorijska obrada<\/li><li>Pregled lije\u010dnika specijaliste interne medicine<\/li><li>Pregled lije\u010dnika specijaliste dermatovenerologa ( dermatoskopija made\u017ea)<\/li><li>Ultrazvuk trbu\u0161nih organa<\/li><li>Ultrazvuk \u0161titnja\u010de i dojke<\/li><li>EKG u mirovanju<\/li><li>Spirometrija<\/li><li>Zaklju\u010dni nalaz pregleda specijaliste i dijagnosti\u010dke obrade u pisanom obliku<\/li><\/ul>\t\t\t\t\t\t\t\t<\/div>\n\t\t\t\t<\/div>\n\t\t\t\t<div class=\"elementor-element elementor-element-75de6c7 elementor-widget elementor-widget-heading\" data-id=\"75de6c7\" data-element_type=\"widget\" data-e-type=\"widget\" data-widget_type=\"heading.default\">\n\t\t\t\t<div class=\"elementor-widget-container\">\n\t\t\t\t\t<h3 class=\"elementor-heading-title elementor-size-default\">Osnovni sistematski pregled za mu\u0161karce :<\/h3>\t\t\t\t<\/div>\n\t\t\t\t<\/div>\n\t\t\t\t<div class=\"elementor-element elementor-element-5eab8e0 elementor-widget elementor-widget-text-editor\" data-id=\"5eab8e0\" data-element_type=\"widget\" data-e-type=\"widget\" data-widget_type=\"text-editor.default\">\n\t\t\t\t<div class=\"elementor-widget-container\">\n\t\t\t\t\t\t\t\t\t<ul><li>Laboratorijska obrada<\/li><li>Pregled specijaliste interne medicine<\/li><li>Pregled specijaliste dermatovenerologa ( dermatoskopija made\u017ea)<\/li><li>Ultrazvuk trbu\u0161nih organa<\/li><li>Ultrazvuk \u0161titnja\u010de ili testisa<\/li><li>EKG u mirovanju<\/li><li>Spirometrija<\/li><li>Zaklju\u010dni nalaz pregleda specijaliste i dijagnosti\u010dkih postupaka u pisanom obliku<\/li><\/ul>\t\t\t\t\t\t\t\t<\/div>\n\t\t\t\t<\/div>\n\t\t\t\t<div class=\"elementor-element elementor-element-8cbc8c4 elementor-widget elementor-widget-heading\" data-id=\"8cbc8c4\" data-element_type=\"widget\" data-e-type=\"widget\" data-widget_type=\"heading.default\">\n\t\t\t\t<div class=\"elementor-widget-container\">\n\t\t\t\t\t<h3 class=\"elementor-heading-title elementor-size-default\">Pro\u0161ireni sistematski pregled za \u017eene:<\/h3>\t\t\t\t<\/div>\n\t\t\t\t<\/div>\n\t\t\t\t<div class=\"elementor-element elementor-element-ef9c5fb elementor-widget elementor-widget-text-editor\" data-id=\"ef9c5fb\" data-element_type=\"widget\" data-e-type=\"widget\" data-widget_type=\"text-editor.default\">\n\t\t\t\t<div class=\"elementor-widget-container\">\n\t\t\t\t\t\t\t\t\t<ul><li>Laboratorijska obrada<\/li><li>Pregled lije\u010dnika specijaliste interne medicine<\/li><li>Pregled dermatovenerologa (dermatoskopija made\u017ea)<\/li><li>Ultrazvuk trbu\u0161nih organa<\/li><li>Ultrazvuk \u0161titnja\u010de<\/li><li>Ultrazvuk dojke<\/li><li>Color Doppler vratnih krvnih zila ( karotida i VB sliva, dijagnosticira se stanje karotidnih i vertebralnih arterija u podru\u010dju vrata koje su zadu\u017eene za prehranu mozga.) ili Color Doppler krvnih \u017eila donjih ekstremiteta kod genetske sklonosti bolesti vena, tromboza).<\/li><li>EKG u mirovanju<\/li><li>Spirometrija<\/li><li>Zaklju\u010dni nalaz pregleda specijaliste i dijagnosti\u010dkih postupaka u pisanom obliku<\/li><\/ul>\t\t\t\t\t\t\t\t<\/div>\n\t\t\t\t<\/div>\n\t\t\t\t<div class=\"elementor-element elementor-element-cfe67d9 elementor-widget elementor-widget-heading\" data-id=\"cfe67d9\" data-element_type=\"widget\" data-e-type=\"widget\" data-widget_type=\"heading.default\">\n\t\t\t\t<div class=\"elementor-widget-container\">\n\t\t\t\t\t<h3 class=\"elementor-heading-title elementor-size-default\">Pro\u0161ireni sistematski pregled za mu\u0161karce:<\/h3>\t\t\t\t<\/div>\n\t\t\t\t<\/div>\n\t\t\t\t<div class=\"elementor-element elementor-element-fe9d73c elementor-widget elementor-widget-text-editor\" data-id=\"fe9d73c\" data-element_type=\"widget\" data-e-type=\"widget\" data-widget_type=\"text-editor.default\">\n\t\t\t\t<div class=\"elementor-widget-container\">\n\t\t\t\t\t\t\t\t\t<ul><li>Laboratorijska obrada<\/li><li>Pregled lije\u010dnika specijaliste interne medicine<\/li><li>Pregled specijaliste dermatovenerologa (dermatoskopija made\u017ea)<\/li><li>Ultrazvuk trbu\u0161nih organa<\/li><li>Ultrazvuk \u0161titnja\u010de ili testisa<\/li><li>Ultrazvuk prostate<\/li><li>Color Doppler krvnih \u017eila vrata ( karotida, VB sliva -dijagnosticira se stanje karotidnih i vertebralniharterija u podru\u010dju vrata koje su zadu\u017eene za prehranu mozga) ili vena i arterija donjih ekstremiteta ( kod geneteske sklonosti bolesti vena , tromboza)<\/li><li>EKG u mirovanju<\/li><li>Spirometrija<\/li><li>Zaklju\u010dni nalaz specijaliste i dijagnosti\u010dkih postupaka u pisanom obliku<\/li><\/ul>\t\t\t\t\t\t\t\t<\/div>\n\t\t\t\t<\/div>\n\t\t\t\t<div class=\"elementor-element elementor-element-3557358 elementor-widget elementor-widget-heading\" data-id=\"3557358\" data-element_type=\"widget\" data-e-type=\"widget\" data-widget_type=\"heading.default\">\n\t\t\t\t<div class=\"elementor-widget-container\">\n\t\t\t\t\t<h3 class=\"elementor-heading-title elementor-size-default\">Menad\u017eerski sistematski pregled (\u017eene) za prevenciju kardiovaskularnog ,\nmo\u017edanog udara<\/h3>\t\t\t\t<\/div>\n\t\t\t\t<\/div>\n\t\t\t\t<div class=\"elementor-element elementor-element-0551bee elementor-widget elementor-widget-text-editor\" data-id=\"0551bee\" data-element_type=\"widget\" data-e-type=\"widget\" data-widget_type=\"text-editor.default\">\n\t\t\t\t<div class=\"elementor-widget-container\">\n\t\t\t\t\t\t\t\t\t<ul><li>Laboratorijska obrada ( Pregled lije\u010dnika specijaliste kardiologa<\/li><li>Pregled lije\u010dnika specijaliste dermatovenerologa ( dermatoskopija made\u017ea)<\/li><li>EKG u mirovanju<\/li><li>Holter EKG ili Holter tlaka prema potrebi ( 24 -satno pra\u010denje)<\/li><li>UZV i Color Doppler srca<\/li><li>Color Doppler krvnih \u017eila vrata ( karotida, VB sliva)<\/li><li>Ultrazvuk i Color Doppler krvnih \u017eila donjih ekstremiteta<\/li><li>Spirometrija<\/li><li>Zaklju\u010dni nalaz specijaliste i dijagnosti\u010dke obrade u pisanom obliku<\/li><\/ul>\t\t\t\t\t\t\t\t<\/div>\n\t\t\t\t<\/div>\n\t\t\t\t<div class=\"elementor-element elementor-element-dfc17da elementor-widget elementor-widget-heading\" data-id=\"dfc17da\" data-element_type=\"widget\" data-e-type=\"widget\" data-widget_type=\"heading.default\">\n\t\t\t\t<div class=\"elementor-widget-container\">\n\t\t\t\t\t<h3 class=\"elementor-heading-title elementor-size-default\">Menad\u017eerski sistematski pregled (mu\u0161karci) za prevenciju kardiovaskularnog i mo\u017edanog udara.<\/h3>\t\t\t\t<\/div>\n\t\t\t\t<\/div>\n\t\t\t\t<div class=\"elementor-element elementor-element-1745bce elementor-widget elementor-widget-text-editor\" data-id=\"1745bce\" data-element_type=\"widget\" data-e-type=\"widget\" data-widget_type=\"text-editor.default\">\n\t\t\t\t<div class=\"elementor-widget-container\">\n\t\t\t\t\t\t\t\t\t<ul><li>Laboratorijska obrada<\/li><li>Pregled lije\u010dnika specijaliste kardiologa<\/li><li>EKG u mirovanju<\/li><li>Holter EKG ili Holter tlaka ( 24 -satno pra\u010denje) prema potrebi<\/li><li>UZV i Color Doppler srca<\/li><li>Color Doppler krvnih \u017eila vrata ( karotida i VB sliva)<\/li><li>Ultrazvuk i Color Doppler krvnih \u017eila donjih ekstremiteta<\/li><li>Spirometrija<\/li><li>Zaklju\u010dni nalaz specijaliste i dijagnosti\u010dke obrade u pisanom obliku.<\/li><\/ul>\t\t\t\t\t\t\t\t<\/div>\n\t\t\t\t<\/div>\n\t\t\t\t<div class=\"elementor-element elementor-element-2ffd6e0 elementor-widget elementor-widget-heading\" data-id=\"2ffd6e0\" data-element_type=\"widget\" data-e-type=\"widget\" data-widget_type=\"heading.default\">\n\t\t\t\t<div class=\"elementor-widget-container\">\n\t\t\t\t\t<h3 class=\"elementor-heading-title elementor-size-default\">Sportski sistematski pregled u smislu procjene kardiovaskularnog rizika<\/h3>\t\t\t\t<\/div>\n\t\t\t\t<\/div>\n\t\t\t\t<div class=\"elementor-element elementor-element-2b2e8fc elementor-widget elementor-widget-text-editor\" data-id=\"2b2e8fc\" data-element_type=\"widget\" data-e-type=\"widget\" data-widget_type=\"text-editor.default\">\n\t\t\t\t<div class=\"elementor-widget-container\">\n\t\t\t\t\t\t\t\t\t<ul><li>Laboratorijska obrada Pregled specijaliste kardiologa<\/li><li>EKG u mirovanju<\/li><li>UZV i Color Doppler srca<\/li><li>Holter srca ili Holter tlaka<\/li><li>Spirometrija<\/li><li>Ergometrija prema potrebi<\/li><li>Zaklju\u010dni nalaz specijaliste i dijagnosti\u010dke obrade u pisanom obliku.<\/li><\/ul>\t\t\t\t\t\t\t\t<\/div>\n\t\t\t\t<\/div>\n\t\t\t\t<div class=\"elementor-element elementor-element-96e2acf elementor-widget elementor-widget-heading\" data-id=\"96e2acf\" data-element_type=\"widget\" data-e-type=\"widget\" data-widget_type=\"heading.default\">\n\t\t\t\t<div class=\"elementor-widget-container\">\n\t\t\t\t\t<h3 class=\"elementor-heading-title elementor-size-default\">Sistematski sportski ( personalizirani) pro\u0161ireni pregled<\/h3>\t\t\t\t<\/div>\n\t\t\t\t<\/div>\n\t\t\t\t<div class=\"elementor-element elementor-element-6b08527 elementor-widget elementor-widget-text-editor\" data-id=\"6b08527\" data-element_type=\"widget\" data-e-type=\"widget\" data-widget_type=\"text-editor.default\">\n\t\t\t\t<div class=\"elementor-widget-container\">\n\t\t\t\t\t\t\t\t\t<p>Personalizirani sportski sistematski pregled uklju\u010duje osnovni sportski pregled i druge dijagnosti\u010dke, radiolo\u0161ke i laboratorijske pretrage prema dobi sporta\u0161a, osobnoj povijesti bolesti i obiteljskoj anamnezi i vrsti sporta koju isti obavlja. U personaliziranom sistematskom sportskom pregledu mogu biti obuhva\u0107eni lije\u010dnici razli\u010dite specijalnosti prema dospjelim nalazima u sistematskom pregledu sporta\u0161a (npr, spec.pulmolog, spec.ortoped, spec.imunolog, spec.endokrinolog etc.). Dopunska laboratorijska obrada ( procjena kardiovaskularnog rizika: D-dimeri,Troponin; NT-PROBNP), i koagulogram ( PV-Inr, APTV, Fibrinogen)<\/p>\t\t\t\t\t\t\t\t<\/div>\n\t\t\t\t<\/div>\n\t\t\t\t\t<\/div>\n\t\t<\/div>\n\t\t\t\t\t<\/div>\n\t\t<\/section>\n\t\t\t\t<\/div>\n\t\t","protected":false},"excerpt":{"rendered":"<p>Ponuda sistematskih pregleda POnuda sistematskih pregleda U poliklinici Mediderm , u Splitu , Peri\u010di\u0107eva 1, Marvie hotel &amp; health mo\u017ee se obaviti sistematski pregled uz personalizirani pristup, vrhunski tim stru\u010dnjaka i modernu dijagnosti\u010dku opremu u vidu prevencije kardiovaskularnog, mo\u017edanog udara, malignih bolesti, melanoma ( malignog tumora ko\u017ee i sluznica sa brzim metastatskim promjenama). Istaknuli bi [&hellip;]<\/p>\n","protected":false},"author":1,"featured_media":220,"parent":0,"menu_order":0,"comment_status":"closed","ping_status":"closed","template":"elementor_header_footer","meta":{"_monsterinsights_skip_tracking":false,"_monsterinsights_sitenote_active":false,"_monsterinsights_sitenote_note":"","_monsterinsights_sitenote_category":0,"footnotes":""},"class_list":["post-405","page","type-page","status-publish","has-post-thumbnail","hentry"],"yoast_head":"<!-- This site is optimized with the Yoast SEO plugin v27.4 - https:\/\/yoast.com\/product\/yoast-seo-wordpress\/ -->\n<title>Ponuda sistematskih pregleda - Poliklinika Mediderm<\/title>\n<meta name=\"description\" content=\"MediDerm Clinic, mjesto vrhunske medicinske usluge iz podru\u010dja dermatovenerologije, estetske medicine, kirurgije, pulmologije, kardiologije, ortopedije i dijagnostike.\" \/>\n<meta name=\"robots\" content=\"index, follow, max-snippet:-1, max-image-preview:large, max-video-preview:-1\" \/>\n<link rel=\"canonical\" href=\"https:\/\/poliklinika-mediderm.com\/hr\/ponuda-sistematskih-pregleda\/\" \/>\n<meta property=\"og:locale\" content=\"hr_HR\" \/>\n<meta property=\"og:type\" content=\"article\" \/>\n<meta property=\"og:title\" content=\"Ponuda sistematskih pregleda - Poliklinika Mediderm\" \/>\n<meta property=\"og:description\" content=\"MediDerm Clinic, mjesto vrhunske medicinske usluge iz podru\u010dja dermatovenerologije, estetske medicine, kirurgije, pulmologije, kardiologije, ortopedije i dijagnostike.\" \/>\n<meta property=\"og:url\" content=\"https:\/\/poliklinika-mediderm.com\/hr\/ponuda-sistematskih-pregleda\/\" \/>\n<meta property=\"og:site_name\" content=\"Poliklinika Mediderm\" \/>\n<meta property=\"article:publisher\" content=\"https:\/\/www.facebook.com\/PoliklinikaMediDerm\" \/>\n<meta property=\"article:modified_time\" content=\"2024-03-20T17:26:10+00:00\" \/>\n<meta property=\"og:image\" content=\"https:\/\/poliklinika-mediderm.com\/wp-content\/uploads\/2024\/01\/mediderm-klinika-30-3.jpg\" \/>\n\t<meta property=\"og:image:width\" content=\"1920\" \/>\n\t<meta property=\"og:image:height\" content=\"1280\" \/>\n\t<meta property=\"og:image:type\" content=\"image\/jpeg\" \/>\n<meta name=\"twitter:card\" content=\"summary_large_image\" \/>\n<meta name=\"twitter:label1\" content=\"Procijenjeno vrijeme \u010ditanja\" \/>\n\t<meta name=\"twitter:data1\" content=\"4 minute\" \/>\n<script type=\"application\/ld+json\" class=\"yoast-schema-graph\">{\"@context\":\"https:\\\/\\\/schema.org\",\"@graph\":[{\"@type\":\"WebPage\",\"@id\":\"https:\\\/\\\/poliklinika-mediderm.com\\\/ponuda-sistematskih-pregleda\\\/\",\"url\":\"https:\\\/\\\/poliklinika-mediderm.com\\\/ponuda-sistematskih-pregleda\\\/\",\"name\":\"Ponuda sistematskih pregleda - Poliklinika Mediderm\",\"isPartOf\":{\"@id\":\"https:\\\/\\\/poliklinika-mediderm.com\\\/#website\"},\"primaryImageOfPage\":{\"@id\":\"https:\\\/\\\/poliklinika-mediderm.com\\\/ponuda-sistematskih-pregleda\\\/#primaryimage\"},\"image\":{\"@id\":\"https:\\\/\\\/poliklinika-mediderm.com\\\/ponuda-sistematskih-pregleda\\\/#primaryimage\"},\"thumbnailUrl\":\"https:\\\/\\\/poliklinika-mediderm.com\\\/wp-content\\\/uploads\\\/2024\\\/01\\\/mediderm-klinika-30-3.jpg\",\"datePublished\":\"2024-03-20T16:59:57+00:00\",\"dateModified\":\"2024-03-20T17:26:10+00:00\",\"description\":\"MediDerm Clinic, mjesto vrhunske medicinske usluge iz podru\u010dja dermatovenerologije, estetske medicine, kirurgije, pulmologije, kardiologije, ortopedije i dijagnostike.\",\"breadcrumb\":{\"@id\":\"https:\\\/\\\/poliklinika-mediderm.com\\\/ponuda-sistematskih-pregleda\\\/#breadcrumb\"},\"inLanguage\":\"hr\",\"potentialAction\":[{\"@type\":\"ReadAction\",\"target\":[\"https:\\\/\\\/poliklinika-mediderm.com\\\/ponuda-sistematskih-pregleda\\\/\"]}]},{\"@type\":\"ImageObject\",\"inLanguage\":\"hr\",\"@id\":\"https:\\\/\\\/poliklinika-mediderm.com\\\/ponuda-sistematskih-pregleda\\\/#primaryimage\",\"url\":\"https:\\\/\\\/poliklinika-mediderm.com\\\/wp-content\\\/uploads\\\/2024\\\/01\\\/mediderm-klinika-30-3.jpg\",\"contentUrl\":\"https:\\\/\\\/poliklinika-mediderm.com\\\/wp-content\\\/uploads\\\/2024\\\/01\\\/mediderm-klinika-30-3.jpg\",\"width\":1920,\"height\":1280,\"caption\":\"poliklinika mediderm, dermatologija, estetska medicina, kirurgija, pulmologija, kardiologija, ortopedija i dijagnostika.\"},{\"@type\":\"BreadcrumbList\",\"@id\":\"https:\\\/\\\/poliklinika-mediderm.com\\\/ponuda-sistematskih-pregleda\\\/#breadcrumb\",\"itemListElement\":[{\"@type\":\"ListItem\",\"position\":1,\"name\":\"Po\u010detna stranica\",\"item\":\"https:\\\/\\\/poliklinika-mediderm.com\\\/hr\\\/\"},{\"@type\":\"ListItem\",\"position\":2,\"name\":\"Ponuda sistematskih pregleda\"}]},{\"@type\":\"WebSite\",\"@id\":\"https:\\\/\\\/poliklinika-mediderm.com\\\/#website\",\"url\":\"https:\\\/\\\/poliklinika-mediderm.com\\\/\",\"name\":\"Poliklinika Mediderm\",\"description\":\"Poliklinika, kirurgija, dermatologija, ...\",\"publisher\":{\"@id\":\"https:\\\/\\\/poliklinika-mediderm.com\\\/#organization\"},\"alternateName\":\"Mediderm Clinic\",\"potentialAction\":[{\"@type\":\"SearchAction\",\"target\":{\"@type\":\"EntryPoint\",\"urlTemplate\":\"https:\\\/\\\/poliklinika-mediderm.com\\\/?s={search_term_string}\"},\"query-input\":{\"@type\":\"PropertyValueSpecification\",\"valueRequired\":true,\"valueName\":\"search_term_string\"}}],\"inLanguage\":\"hr\"},{\"@type\":\"Organization\",\"@id\":\"https:\\\/\\\/poliklinika-mediderm.com\\\/#organization\",\"name\":\"Poliklinika Mediderm\",\"alternateName\":\"Mediderm Clinic\",\"url\":\"https:\\\/\\\/poliklinika-mediderm.com\\\/\",\"logo\":{\"@type\":\"ImageObject\",\"inLanguage\":\"hr\",\"@id\":\"https:\\\/\\\/poliklinika-mediderm.com\\\/#\\\/schema\\\/logo\\\/image\\\/\",\"url\":\"https:\\\/\\\/poliklinika-mediderm.com\\\/wp-content\\\/uploads\\\/2024\\\/01\\\/mediderm-logo-01-1.svg\",\"contentUrl\":\"https:\\\/\\\/poliklinika-mediderm.com\\\/wp-content\\\/uploads\\\/2024\\\/01\\\/mediderm-logo-01-1.svg\",\"caption\":\"Poliklinika Mediderm\"},\"image\":{\"@id\":\"https:\\\/\\\/poliklinika-mediderm.com\\\/#\\\/schema\\\/logo\\\/image\\\/\"},\"sameAs\":[\"https:\\\/\\\/www.facebook.com\\\/PoliklinikaMediDerm\",\"https:\\\/\\\/www.instagram.com\\\/poliklinika.mediderm\\\/\"]}]}<\/script>\n<!-- \/ Yoast SEO plugin. -->","yoast_head_json":{"title":"Ponuda sistematskih pregleda - Poliklinika Mediderm","description":"MediDerm Clinic, mjesto vrhunske medicinske usluge iz podru\u010dja dermatovenerologije, estetske medicine, kirurgije, pulmologije, kardiologije, ortopedije i dijagnostike.","robots":{"index":"index","follow":"follow","max-snippet":"max-snippet:-1","max-image-preview":"max-image-preview:large","max-video-preview":"max-video-preview:-1"},"canonical":"https:\/\/poliklinika-mediderm.com\/hr\/ponuda-sistematskih-pregleda\/","og_locale":"hr_HR","og_type":"article","og_title":"Ponuda sistematskih pregleda - Poliklinika Mediderm","og_description":"MediDerm Clinic, mjesto vrhunske medicinske usluge iz podru\u010dja dermatovenerologije, estetske medicine, kirurgije, pulmologije, kardiologije, ortopedije i dijagnostike.","og_url":"https:\/\/poliklinika-mediderm.com\/hr\/ponuda-sistematskih-pregleda\/","og_site_name":"Poliklinika Mediderm","article_publisher":"https:\/\/www.facebook.com\/PoliklinikaMediDerm","article_modified_time":"2024-03-20T17:26:10+00:00","og_image":[{"width":1920,"height":1280,"url":"https:\/\/poliklinika-mediderm.com\/wp-content\/uploads\/2024\/01\/mediderm-klinika-30-3.jpg","type":"image\/jpeg"}],"twitter_card":"summary_large_image","twitter_misc":{"Procijenjeno vrijeme \u010ditanja":"4 minute"},"schema":{"@context":"https:\/\/schema.org","@graph":[{"@type":"WebPage","@id":"https:\/\/poliklinika-mediderm.com\/ponuda-sistematskih-pregleda\/","url":"https:\/\/poliklinika-mediderm.com\/ponuda-sistematskih-pregleda\/","name":"Ponuda sistematskih pregleda - Poliklinika Mediderm","isPartOf":{"@id":"https:\/\/poliklinika-mediderm.com\/#website"},"primaryImageOfPage":{"@id":"https:\/\/poliklinika-mediderm.com\/ponuda-sistematskih-pregleda\/#primaryimage"},"image":{"@id":"https:\/\/poliklinika-mediderm.com\/ponuda-sistematskih-pregleda\/#primaryimage"},"thumbnailUrl":"https:\/\/poliklinika-mediderm.com\/wp-content\/uploads\/2024\/01\/mediderm-klinika-30-3.jpg","datePublished":"2024-03-20T16:59:57+00:00","dateModified":"2024-03-20T17:26:10+00:00","description":"MediDerm Clinic, mjesto vrhunske medicinske usluge iz podru\u010dja dermatovenerologije, estetske medicine, kirurgije, pulmologije, kardiologije, ortopedije i dijagnostike.","breadcrumb":{"@id":"https:\/\/poliklinika-mediderm.com\/ponuda-sistematskih-pregleda\/#breadcrumb"},"inLanguage":"hr","potentialAction":[{"@type":"ReadAction","target":["https:\/\/poliklinika-mediderm.com\/ponuda-sistematskih-pregleda\/"]}]},{"@type":"ImageObject","inLanguage":"hr","@id":"https:\/\/poliklinika-mediderm.com\/ponuda-sistematskih-pregleda\/#primaryimage","url":"https:\/\/poliklinika-mediderm.com\/wp-content\/uploads\/2024\/01\/mediderm-klinika-30-3.jpg","contentUrl":"https:\/\/poliklinika-mediderm.com\/wp-content\/uploads\/2024\/01\/mediderm-klinika-30-3.jpg","width":1920,"height":1280,"caption":"poliklinika mediderm, dermatologija, estetska medicina, kirurgija, pulmologija, kardiologija, ortopedija i dijagnostika."},{"@type":"BreadcrumbList","@id":"https:\/\/poliklinika-mediderm.com\/ponuda-sistematskih-pregleda\/#breadcrumb","itemListElement":[{"@type":"ListItem","position":1,"name":"Po\u010detna stranica","item":"https:\/\/poliklinika-mediderm.com\/hr\/"},{"@type":"ListItem","position":2,"name":"Ponuda sistematskih pregleda"}]},{"@type":"WebSite","@id":"https:\/\/poliklinika-mediderm.com\/#website","url":"https:\/\/poliklinika-mediderm.com\/","name":"Poliklinika Mediderm","description":"Poliklinika, kirurgija, dermatologija, ...","publisher":{"@id":"https:\/\/poliklinika-mediderm.com\/#organization"},"alternateName":"Mediderm Clinic","potentialAction":[{"@type":"SearchAction","target":{"@type":"EntryPoint","urlTemplate":"https:\/\/poliklinika-mediderm.com\/?s={search_term_string}"},"query-input":{"@type":"PropertyValueSpecification","valueRequired":true,"valueName":"search_term_string"}}],"inLanguage":"hr"},{"@type":"Organization","@id":"https:\/\/poliklinika-mediderm.com\/#organization","name":"Poliklinika Mediderm","alternateName":"Mediderm Clinic","url":"https:\/\/poliklinika-mediderm.com\/","logo":{"@type":"ImageObject","inLanguage":"hr","@id":"https:\/\/poliklinika-mediderm.com\/#\/schema\/logo\/image\/","url":"https:\/\/poliklinika-mediderm.com\/wp-content\/uploads\/2024\/01\/mediderm-logo-01-1.svg","contentUrl":"https:\/\/poliklinika-mediderm.com\/wp-content\/uploads\/2024\/01\/mediderm-logo-01-1.svg","caption":"Poliklinika Mediderm"},"image":{"@id":"https:\/\/poliklinika-mediderm.com\/#\/schema\/logo\/image\/"},"sameAs":["https:\/\/www.facebook.com\/PoliklinikaMediDerm","https:\/\/www.instagram.com\/poliklinika.mediderm\/"]}]}},"_links":{"self":[{"href":"https:\/\/poliklinika-mediderm.com\/hr\/wp-json\/wp\/v2\/pages\/405","targetHints":{"allow":["GET"]}}],"collection":[{"href":"https:\/\/poliklinika-mediderm.com\/hr\/wp-json\/wp\/v2\/pages"}],"about":[{"href":"https:\/\/poliklinika-mediderm.com\/hr\/wp-json\/wp\/v2\/types\/page"}],"author":[{"embeddable":true,"href":"https:\/\/poliklinika-mediderm.com\/hr\/wp-json\/wp\/v2\/users\/1"}],"replies":[{"embeddable":true,"href":"https:\/\/poliklinika-mediderm.com\/hr\/wp-json\/wp\/v2\/comments?post=405"}],"version-history":[{"count":26,"href":"https:\/\/poliklinika-mediderm.com\/hr\/wp-json\/wp\/v2\/pages\/405\/revisions"}],"predecessor-version":[{"id":434,"href":"https:\/\/poliklinika-mediderm.com\/hr\/wp-json\/wp\/v2\/pages\/405\/revisions\/434"}],"wp:featuredmedia":[{"embeddable":true,"href":"https:\/\/poliklinika-mediderm.com\/hr\/wp-json\/wp\/v2\/media\/220"}],"wp:attachment":[{"href":"https:\/\/poliklinika-mediderm.com\/hr\/wp-json\/wp\/v2\/media?parent=405"}],"curies":[{"name":"wp","href":"https:\/\/api.w.org\/{rel}","templated":true}]}}