{"id":381,"date":"2024-02-09T17:49:45","date_gmt":"2024-02-09T17:49:45","guid":{"rendered":"https:\/\/poliklinika-mediderm.com\/?page_id=381"},"modified":"2024-09-03T12:46:33","modified_gmt":"2024-09-03T12:46:33","slug":"nextgenerationeu","status":"publish","type":"page","link":"https:\/\/poliklinika-mediderm.com\/hr\/nextgenerationeu\/","title":{"rendered":"NextGenerationEU"},"content":{"rendered":"\t\t<div data-elementor-type=\"wp-page\" data-elementor-id=\"381\" class=\"elementor elementor-381\" data-elementor-post-type=\"page\">\n\t\t\t\t\t\t<section class=\"elementor-section elementor-top-section elementor-element elementor-element-c9273ab elementor-section-boxed elementor-section-height-default elementor-section-height-default\" data-id=\"c9273ab\" data-element_type=\"section\" data-e-type=\"section\" data-settings=\"{&quot;jet_parallax_layout_list&quot;:[]}\">\n\t\t\t\t\t\t<div class=\"elementor-container elementor-column-gap-default\">\n\t\t\t\t\t<div class=\"elementor-column elementor-col-100 elementor-top-column elementor-element elementor-element-8471b55\" data-id=\"8471b55\" data-element_type=\"column\" data-e-type=\"column\">\n\t\t\t<div class=\"elementor-widget-wrap elementor-element-populated\">\n\t\t\t\t\t\t<div class=\"elementor-element elementor-element-5ebbe22 elementor-hidden-tablet elementor-hidden-mobile elementor-widget elementor-widget-heading\" data-id=\"5ebbe22\" data-element_type=\"widget\" data-e-type=\"widget\" data-widget_type=\"heading.default\">\n\t\t\t\t<div class=\"elementor-widget-container\">\n\t\t\t\t\t<h1 class=\"elementor-heading-title elementor-size-default\">Next Generation EU<\/h1>\t\t\t\t<\/div>\n\t\t\t\t<\/div>\n\t\t\t\t\t<\/div>\n\t\t<\/div>\n\t\t\t\t\t<\/div>\n\t\t<\/section>\n\t\t\t\t<section class=\"elementor-section elementor-top-section elementor-element elementor-element-950ce50 elementor-section-boxed elementor-section-height-default elementor-section-height-default\" data-id=\"950ce50\" data-element_type=\"section\" data-e-type=\"section\" data-settings=\"{&quot;jet_parallax_layout_list&quot;:[]}\">\n\t\t\t\t\t\t<div class=\"elementor-container elementor-column-gap-default\">\n\t\t\t\t\t<div class=\"elementor-column elementor-col-100 elementor-top-column elementor-element elementor-element-504cff8\" data-id=\"504cff8\" data-element_type=\"column\" data-e-type=\"column\">\n\t\t\t<div class=\"elementor-widget-wrap elementor-element-populated\">\n\t\t\t\t\t\t<div class=\"elementor-element elementor-element-a8ea252 elementor-tabs-view-horizontal elementor-widget elementor-widget-tabs\" data-id=\"a8ea252\" data-element_type=\"widget\" data-e-type=\"widget\" data-widget_type=\"tabs.default\">\n\t\t\t\t<div class=\"elementor-widget-container\">\n\t\t\t\t\t\t\t<div class=\"elementor-tabs\">\n\t\t\t<div class=\"elementor-tabs-wrapper\" role=\"tablist\" >\n\t\t\t\t\t\t\t\t\t<div id=\"elementor-tab-title-1771\" class=\"elementor-tab-title elementor-tab-desktop-title\" aria-selected=\"true\" data-tab=\"1\" role=\"tab\" tabindex=\"0\" aria-controls=\"elementor-tab-content-1771\" aria-expanded=\"false\">ULAGANJE U DIGITALNI MARKETING<\/div>\n\t\t\t\t\t\t\t\t\t<div id=\"elementor-tab-title-1772\" class=\"elementor-tab-title elementor-tab-desktop-title\" aria-selected=\"false\" data-tab=\"2\" role=\"tab\" tabindex=\"-1\" aria-controls=\"elementor-tab-content-1772\" aria-expanded=\"false\">DIGITALNA TRANSFORMACIJA<\/div>\n\t\t\t\t\t\t\t<\/div>\n\t\t\t<div class=\"elementor-tabs-content-wrapper\" role=\"tablist\" aria-orientation=\"vertical\">\n\t\t\t\t\t\t\t\t\t<div class=\"elementor-tab-title elementor-tab-mobile-title\" aria-selected=\"true\" data-tab=\"1\" role=\"tab\" tabindex=\"0\" aria-controls=\"elementor-tab-content-1771\" aria-expanded=\"false\">ULAGANJE U DIGITALNI MARKETING<\/div>\n\t\t\t\t\t<div id=\"elementor-tab-content-1771\" class=\"elementor-tab-content elementor-clearfix\" data-tab=\"1\" role=\"tabpanel\" aria-labelledby=\"elementor-tab-title-1771\" tabindex=\"0\" hidden=\"false\"><p><strong>Naziv projekta: <\/strong>Ulaganje u digitalni marketing Poliklinike Mediderm<\/p><p><strong>Korisnik: <\/strong>POLIKLINIKA MEDIDERM d.o.o.<\/p><p><strong>Referentna oznaka projekta: <\/strong>NPOO.C1.1.2.R3-I2.01-V2.0533<\/p><p><strong>Poziv: <\/strong>Vau\u010deri za digitalizaciju (referentni broj Poziva: NPOO.C1.1.2. R3-I2.01)<\/p><p><strong>\u00a0<\/strong><strong>\u00a0<\/strong><\/p><p><strong>OPIS PROJEKTA<\/strong><\/p><p>Projektom se uvodi nova internetska stranica poliklinike integrirana s CMS-om (Content Management System) za samostalno upravljanje sadr\u017eajem. Inovirani sadr\u017eaj i unaprije\u0111ene funkcionalnosti za komunikaciju s korisnicima zdravstvenih usluga \u0107e pobolj\u0161ati iskustvo korisnika na internetskoj stranici, a pacijenti \u0107e dobiti jo\u0161 individualniji pristup i kvalitetniju komunikaciju na svakom koraku, od slanja upita, dolaska na pregled do pra\u0107enja zdravlja.<\/p><p>Provedbom projekta se poti\u010de kori\u0161tenje suvremenih tehnologija, unapre\u0111uje poslovanje, stvara dodana vrijednost usluga i generira nova potra\u017enja na doma\u0107em i inozemnom tr\u017ei\u0161tu kroz zdravstveni turizam.<\/p><p>Provedba projekta obuhva\u0107a aktivnost izrade unaprije\u0111ene internetske stranice Poliklinike.<\/p><p>\u00a0<\/p><p><strong>CILJ I REZULTATI PROJEKTA<\/strong><\/p><p>Cilj projekta je unapre\u0111enje komunikacije s korisnicima usluga implementacijom nove internetske stranice radi pove\u0107anja konkurentske prednosti tvrtke na zahtjevnom tr\u017ei\u0161tu privatnih zdravstvenih usluga.<\/p><p>Provedbom planiranih aktivnosti ostvaruju se sljede\u0107i rezultati:<\/p><ul><li>digitalna transformacija poduze\u0107a kroz uvo\u0111enje unaprije\u0111ene internetske stranice poduze\u0107a<\/li><li>pove\u0107ani kapaciteti zaposlenika za primjenu novih informacijsko komunikacijskih tehnologija<\/li><li>pove\u0107ana svjesnost javnosti o unaprije\u0111enim digitalnim kapacitetima poduze\u0107a i ste\u010denim stru\u010dnim znanjima u vo\u0111enju projekata sufinanciranih sredstvima EU.<\/li><\/ul><p>Izradom nove internetske stranice omogu\u0107ava se kvalitetna prezentacija svih medicinskih usluga na doma\u0107em i inozemnom tr\u017ei\u0161tu, pra\u0107enje i analiza upita pacijenata, uvid u najtra\u017eenije medicinske usluge i interaktivna komunikacija s potencijalnim korisnicima zdravstvenih usluga. \u00a0Analizom prikupljenih informacija unaprijedit \u0107e se planiranje, poslovni procesi upravljanja imovinom i ljudskim potencijalima, prodaja zdravstvenih usluga i marketing, te definirati poslovni \u00a0modeli za unapre\u0111enje odnosa s pacijentima. Stvaranje dodatne vrijednosti korisnicima zdravstvenih usluga \u0107e generirati novu potra\u017enju i pove\u0107ati konkurentnosti poliklinike na doma\u0107em i inozemnom tr\u017ei\u0161tu.<\/p><p>Poticajno digitalno okru\u017eenje omogu\u0107it \u0107e djelatnicima kontinuirano u\u010denje i stvaranje inovativnih usluga, a integracija digitalnih alata u svakodnevni rad pozicionirat \u0107e prijavitelja kao poduze\u0107e koje poti\u010de kulturu inovacija i kontinuiranog pobolj\u0161anja poslovnih modela.<\/p><p>Ulaganjem EU sredstava poduze\u0107e \u0107e modernizirati poslovanje, unaprijediti stru\u010dne kapacitete za bolje pozicioniranje na tr\u017ei\u0161tu, pove\u0107ati prihod od prodaje i prihod od izvoza, te broj zaposlenih.<\/p><p>Iskustvo u provedbi projekta \u0107e se primijeniti u novim projektima uvo\u0111enja suvremenih informacijsko komunikacijskih tehnologija u poslovanje tvrtke.<\/p><p>\u00a0<\/p><p><strong>UKUPNA VRIJEDNOST PROJEKTA I IZNOS SUFINANCIRANJA EU <\/strong><\/p><p>Ukupna vrijednost projekta: 6.250,00 EUR<\/p><p>Prihvatljivi tro\u0161kovi: 5.000,00 EUR\u00a0<\/p><p>Iznos sufinanciranja EU: 3.000,00 EUR\u00a0\u00a0<\/p><p>\u00a0<\/p><p><strong>RAZDOBLJE PROVEDBE PROJEKTA<\/strong><\/p><p>Projekt se provodi u razdoblju od 29. studenog 2023. do 28. sije\u010dnja 2024. godine.<\/p><p><strong>\u00a0<\/strong><\/p><p><strong>UKUPNO TRAJANJE PROJEKTA<\/strong><strong>\u00a0<\/strong><\/p><p>Realizacija projekta traje dva mjeseca.<\/p><p><strong>\u00a0<\/strong><\/p><p><strong>KONTAKT OSOBA<\/strong><\/p><p>Zoran \u0160u\u0161ak, direktor \u00a0\u00a0\u00a0\u00a0<\/p><p>e-mail: info@poliklinika-mediderm.com<\/p><p>Projekt je sufinancirala Europska unija iz Nacionalnog plana oporavka i otpornosti\u00a0 Republike Hrvatske 2021. \u2013 2026.<\/p><p><strong>\u00a0<\/strong><\/p><p><strong>EU POVEZNICE<\/strong><\/p><p>Portal Nacionalni plan oporavka i otpornosti: <a href=\"https:\/\/fondovieu.gov.hr\/\">https:\/\/fondovieu.gov.hr<\/a><\/p><p>Sadr\u017eaj ovog \u010dlanka isklju\u010diva je odgovornost tvrtke Poliklinika Mediderm d.o.o.<\/p><\/div>\n\t\t\t\t\t\t\t\t\t<div class=\"elementor-tab-title elementor-tab-mobile-title\" aria-selected=\"false\" data-tab=\"2\" role=\"tab\" tabindex=\"-1\" aria-controls=\"elementor-tab-content-1772\" aria-expanded=\"false\">DIGITALNA TRANSFORMACIJA<\/div>\n\t\t\t\t\t<div id=\"elementor-tab-content-1772\" class=\"elementor-tab-content elementor-clearfix\" data-tab=\"2\" role=\"tabpanel\" aria-labelledby=\"elementor-tab-title-1772\" tabindex=\"0\" hidden=\"hidden\"><p><strong>Naziv projekta: <\/strong>Digitalna transformacija Poliklinike Mediderm<\/p><p><strong>Korisnik: <\/strong>POLIKLINIKA MEDIDERM d.o.o.<\/p><p><strong>Referentna oznaka projekta: <\/strong>NPOO.C1.1.2.R3-I2.01-V15.0235<\/p><p><strong>Poziv: <\/strong>Vau\u010deri za digitalizaciju (referentni broj Poziva: NPOO.C1.1.2. R3-I2.01)<\/p><p>\u00a0<\/p><p><strong>OPIS PROJEKTA<\/strong><\/p><p>Projektom se inovira softversko rje\u0161enja za upravljanje poslovnim procesima i dogra\u0111uje novim funkcionalnostima koje unapre\u0111uju izradu i arhiviranje medicinske dokumentacije potrebne u procesu lije\u010denja i skrbi pacijenata, pove\u0107avaju sigurnost podataka i za\u0161tita privatnosti pacijenata te olak\u0161avaju uvid u zdravstveno stanje pacijenata.\u00a0\u00a0<\/p><p>Osiguravanjem cjelovitosti medicinske evidencije, pravovremenosti zaprimanja upita i to\u010dnosti podataka o potrebama korisnika usluga pospje\u0161uje se efikasnost stru\u010dnog osoblja u obradi upita i zdravstvenih djelatnika u pru\u017eanju medicinskih usluga. Unaprije\u0111ene funkcionalnosti softvera \u0107e pacijentima osigurati kvalitetnije pra\u0107enje tijeka lije\u010denja i planiranih kontrolnih pregleda te \u00a0kra\u0107e rokove isporuke zdravstvenih usluga.<\/p><p>Provedbom projekta se poti\u010de kori\u0161tenje suvremenih tehnologija, unapre\u0111uje poslovanje, stvara dodana vrijednost usluga i generira nova potra\u017enja na doma\u0107em i inozemnom tr\u017ei\u0161tu kroz zdravstveni turizam.<\/p><p>Provedba projekta obuhva\u0107a aktivnost implementacija softverskog rje\u0161enja za upravljanje poslovnim procesima.<\/p><p>\u00a0<\/p><p><strong>CILJ I REZULTATI PROJEKTA<\/strong><\/p><p>Cilj projekta je unapre\u0111enje odnosa s korisnicima usluga implementacijom softverskog rje\u0161enja za upravljanje procesima izrade medicinske dokumentacije radi pove\u0107anja konkurentske prednosti tvrtke na zahtjevnom tr\u017ei\u0161tu privatnih zdravstvenih usluga.<\/p><p>Provedbom planiranih aktivnosti ostvaruju se sljede\u0107i rezultati:<\/p><ul><li>digitalna transformacija poduze\u0107a kroz uvo\u0111enje \u00a0softverskog rje\u0161enja za upravljanje\u00a0 procesima izrade medicinske dokumentacije<\/li><li>pove\u0107ani kapaciteti zaposlenika za primjenu novih informacijsko komunikacijskih tehnologija<\/li><li>pove\u0107ana svjesnost javnosti o unaprije\u0111enim digitalnim kapacitetima poduze\u0107a i ste\u010denim stru\u010dnim znanjima u vo\u0111enju projekata sufinanciranih sredstvima EU.<\/li><\/ul><p>\u00a0<\/p><p>Uvo\u0111enjem softverskog rje\u0161enja omogu\u0107ava se jednostavan prijenos i pohrana postoje\u0107e dokumentacije u programu, \u010dime \u00a0se olak\u0161ava migracija na digitalni sustav i osigurava cjelovitost medicinske evidencije. Brzom obradom zahtjeva korisnika zdravstvenih usluga softver podr\u017eava \u00a0efikasno upravljanje medicinskom dokumentacijom, pra\u0107enje zdravstvenog stanja pacijenata, planiranje kontrolnih pregleda, automatizirano slanje obavijesti pacijentima o zakazanim terminima kontrole, planiranje raspolo\u017eivog vremena medicinskog osoblja, u\u010dinkovitiju organizaciju poslovnih procesa naru\u010divanja i prijema pacijenata, kvalitetno pru\u017eanje medicinskih usluga, te pove\u0107anje efikasnosti rada medicinskog i stru\u010dnog kadra.<\/p><p>Vodstvu tvrtke softver olak\u0161ava analizu potreba korisnika usluga, planiranje uslu\u017enog programa, strate\u0161ko planiranje, upravljanje resursima \u00a0poliklinike, te kreiranje poslovnih politika na ciljanom tr\u017ei\u0161tu.<\/p><p>Ulaganjem EU sredstava poduze\u0107e \u0107e modernizirati poslovanje, unaprijediti stru\u010dne kapacitete za bolje pozicioniranje na tr\u017ei\u0161tu i pove\u0107ati prihod od prodaje i prihod od izvoza.<\/p><p>Iskustvo u provedbi projekta \u0107e se primijeniti u novim projektima uvo\u0111enja suvremenih informacijsko komunikacijskih tehnologija u poslovanje tvrtke.<\/p><p>\u00a0<\/p><p><strong>UKUPNA VRIJEDNOST PROJEKTA I IZNOS SUFINANCIRANJA EU <\/strong><\/p><p>Ukupna vrijednost projekta: 5.040,00 EUR<\/p><p>Prihvatljivi tro\u0161kovi: 4.032,00 EUR\u00a0<\/p><p>Iznos sufinanciranja EU: 2.419,20 EUR\u00a0\u00a0<\/p><p>\u00a0<\/p><p><strong>RAZDOBLJE PROVEDBE PROJEKTA<\/strong><\/p><p>Projekt se provodi u razdoblju od 25. lipnja 2024.. do 27. kolovoza 2024. godine.<\/p><p><strong>\u00a0<\/strong><\/p><p><strong>UKUPNO TRAJANJE PROJEKTA<\/strong><\/p><p>Realizacija projekta traje dva mjeseca.<\/p><p><strong>\u00a0<\/strong><\/p><p><strong>KONTAKT OSOBA<\/strong><\/p><p>Zoran \u0160u\u0161ak, direktor \u00a0\u00a0\u00a0\u00a0<\/p><p>e-mail: info@poliklinika-mediderm.com<\/p><p>Projekt je sufinancirala Europska unija iz Nacionalnog plana oporavka i otpornosti\u00a0 Republike Hrvatske 2021. \u2013 2026.<\/p><p><strong>\u00a0<\/strong><\/p><p><strong>EU POVEZNICE<\/strong><\/p><p>Portal Nacionalni plan oporavka i otpornosti: <a href=\"https:\/\/fondovieu.gov.hr\/\">https:\/\/fondovieu.gov.hr<\/a><\/p><p>\u00a0<\/p><p>Sadr\u017eaj ovog \u010dlanka isklju\u010diva je odgovornost tvrtke Poliklinika Mediderm d.o.o.<\/p><p>\u00a0<\/p><p><img decoding=\"async\" class=\"size-medium wp-image-448 alignleft\" src=\"https:\/\/poliklinika-mediderm.com\/wp-content\/uploads\/2024\/09\/rh-300x92.jpg\" alt=\"\" width=\"300\" height=\"92\" srcset=\"https:\/\/poliklinika-mediderm.com\/wp-content\/uploads\/2024\/09\/rh-300x92.jpg 300w, https:\/\/poliklinika-mediderm.com\/wp-content\/uploads\/2024\/09\/rh-18x6.jpg 18w, https:\/\/poliklinika-mediderm.com\/wp-content\/uploads\/2024\/09\/rh.jpg 442w\" sizes=\"(max-width: 300px) 100vw, 300px\" \/> <img decoding=\"async\" class=\"size-medium wp-image-449 alignright\" src=\"https:\/\/poliklinika-mediderm.com\/wp-content\/uploads\/2024\/09\/eu-300x72.jpg\" alt=\"\" width=\"300\" height=\"72\" srcset=\"https:\/\/poliklinika-mediderm.com\/wp-content\/uploads\/2024\/09\/eu-300x72.jpg 300w, https:\/\/poliklinika-mediderm.com\/wp-content\/uploads\/2024\/09\/eu-18x4.jpg 18w, https:\/\/poliklinika-mediderm.com\/wp-content\/uploads\/2024\/09\/eu.jpg 647w\" sizes=\"(max-width: 300px) 100vw, 300px\" \/><\/p><\/div>\n\t\t\t\t\t\t\t<\/div>\n\t\t<\/div>\n\t\t\t\t\t\t<\/div>\n\t\t\t\t<\/div>\n\t\t\t\t\t<\/div>\n\t\t<\/div>\n\t\t\t\t\t<\/div>\n\t\t<\/section>\n\t\t\t\t<\/div>\n\t\t","protected":false},"excerpt":{"rendered":"<p>Next Generation EU ULAGANJE U DIGITALNI MARKETING DIGITALNA TRANSFORMACIJA ULAGANJE U DIGITALNI MARKETING Naziv projekta: Ulaganje u digitalni marketing Poliklinike Mediderm Korisnik: POLIKLINIKA MEDIDERM d.o.o. Referentna oznaka projekta: NPOO.C1.1.2.R3-I2.01-V2.0533 Poziv: Vau\u010deri za digitalizaciju (referentni broj Poziva: NPOO.C1.1.2. R3-I2.01) \u00a0\u00a0 OPIS PROJEKTA Projektom se uvodi nova internetska stranica poliklinike integrirana s CMS-om (Content Management System) za [&hellip;]<\/p>\n","protected":false},"author":1,"featured_media":0,"parent":0,"menu_order":0,"comment_status":"closed","ping_status":"closed","template":"elementor_header_footer","meta":{"_monsterinsights_skip_tracking":false,"_monsterinsights_sitenote_active":false,"_monsterinsights_sitenote_note":"","_monsterinsights_sitenote_category":0,"footnotes":""},"class_list":["post-381","page","type-page","status-publish","hentry"],"yoast_head":"<!-- This site is optimized with the Yoast SEO plugin v27.4 - https:\/\/yoast.com\/product\/yoast-seo-wordpress\/ -->\n<title>NextGenerationEU - Poliklinika Mediderm<\/title>\n<meta name=\"description\" content=\"MediDerm Clinic, mjesto vrhunske medicinske usluge iz podru\u010dja dermatovenerologije, estetske medicine, kirurgije, pulmologije, kardiologije, ortopedije i dijagnostike.\" \/>\n<meta name=\"robots\" content=\"index, follow, max-snippet:-1, max-image-preview:large, max-video-preview:-1\" \/>\n<link rel=\"canonical\" href=\"https:\/\/poliklinika-mediderm.com\/hr\/nextgenerationeu\/\" \/>\n<meta property=\"og:locale\" content=\"hr_HR\" \/>\n<meta property=\"og:type\" content=\"article\" \/>\n<meta property=\"og:title\" content=\"NextGenerationEU - Poliklinika Mediderm\" \/>\n<meta property=\"og:description\" content=\"MediDerm Clinic, mjesto vrhunske medicinske usluge iz podru\u010dja dermatovenerologije, estetske medicine, kirurgije, pulmologije, kardiologije, ortopedije i dijagnostike.\" \/>\n<meta property=\"og:url\" content=\"https:\/\/poliklinika-mediderm.com\/hr\/nextgenerationeu\/\" \/>\n<meta property=\"og:site_name\" content=\"Poliklinika Mediderm\" \/>\n<meta property=\"article:publisher\" content=\"https:\/\/www.facebook.com\/PoliklinikaMediDerm\" \/>\n<meta property=\"article:modified_time\" content=\"2024-09-03T12:46:33+00:00\" \/>\n<meta property=\"og:image\" content=\"https:\/\/poliklinika-mediderm.com\/wp-content\/uploads\/2024\/09\/rh-300x92.jpg\" \/>\n<meta name=\"twitter:card\" content=\"summary_large_image\" \/>\n<meta name=\"twitter:label1\" content=\"Procijenjeno vrijeme \u010ditanja\" \/>\n\t<meta name=\"twitter:data1\" content=\"6 minuta\" \/>\n<script type=\"application\/ld+json\" class=\"yoast-schema-graph\">{\"@context\":\"https:\\\/\\\/schema.org\",\"@graph\":[{\"@type\":\"WebPage\",\"@id\":\"https:\\\/\\\/poliklinika-mediderm.com\\\/hr\\\/nextgenerationeu\\\/\",\"url\":\"https:\\\/\\\/poliklinika-mediderm.com\\\/hr\\\/nextgenerationeu\\\/\",\"name\":\"NextGenerationEU - Poliklinika Mediderm\",\"isPartOf\":{\"@id\":\"https:\\\/\\\/poliklinika-mediderm.com\\\/#website\"},\"primaryImageOfPage\":{\"@id\":\"https:\\\/\\\/poliklinika-mediderm.com\\\/hr\\\/nextgenerationeu\\\/#primaryimage\"},\"image\":{\"@id\":\"https:\\\/\\\/poliklinika-mediderm.com\\\/hr\\\/nextgenerationeu\\\/#primaryimage\"},\"thumbnailUrl\":\"https:\\\/\\\/poliklinika-mediderm.com\\\/wp-content\\\/uploads\\\/2024\\\/09\\\/rh-300x92.jpg\",\"datePublished\":\"2024-02-09T17:49:45+00:00\",\"dateModified\":\"2024-09-03T12:46:33+00:00\",\"description\":\"MediDerm Clinic, mjesto vrhunske medicinske usluge iz podru\u010dja dermatovenerologije, estetske medicine, kirurgije, pulmologije, kardiologije, ortopedije i dijagnostike.\",\"breadcrumb\":{\"@id\":\"https:\\\/\\\/poliklinika-mediderm.com\\\/hr\\\/nextgenerationeu\\\/#breadcrumb\"},\"inLanguage\":\"hr\",\"potentialAction\":[{\"@type\":\"ReadAction\",\"target\":[\"https:\\\/\\\/poliklinika-mediderm.com\\\/hr\\\/nextgenerationeu\\\/\"]}]},{\"@type\":\"ImageObject\",\"inLanguage\":\"hr\",\"@id\":\"https:\\\/\\\/poliklinika-mediderm.com\\\/hr\\\/nextgenerationeu\\\/#primaryimage\",\"url\":\"https:\\\/\\\/poliklinika-mediderm.com\\\/wp-content\\\/uploads\\\/2024\\\/09\\\/rh-300x92.jpg\",\"contentUrl\":\"https:\\\/\\\/poliklinika-mediderm.com\\\/wp-content\\\/uploads\\\/2024\\\/09\\\/rh-300x92.jpg\"},{\"@type\":\"BreadcrumbList\",\"@id\":\"https:\\\/\\\/poliklinika-mediderm.com\\\/hr\\\/nextgenerationeu\\\/#breadcrumb\",\"itemListElement\":[{\"@type\":\"ListItem\",\"position\":1,\"name\":\"Po\u010detna stranica\",\"item\":\"https:\\\/\\\/poliklinika-mediderm.com\\\/hr\\\/\"},{\"@type\":\"ListItem\",\"position\":2,\"name\":\"NextGenerationEU\"}]},{\"@type\":\"WebSite\",\"@id\":\"https:\\\/\\\/poliklinika-mediderm.com\\\/#website\",\"url\":\"https:\\\/\\\/poliklinika-mediderm.com\\\/\",\"name\":\"Poliklinika Mediderm\",\"description\":\"Poliklinika, kirurgija, dermatologija, ...\",\"publisher\":{\"@id\":\"https:\\\/\\\/poliklinika-mediderm.com\\\/#organization\"},\"alternateName\":\"Mediderm Clinic\",\"potentialAction\":[{\"@type\":\"SearchAction\",\"target\":{\"@type\":\"EntryPoint\",\"urlTemplate\":\"https:\\\/\\\/poliklinika-mediderm.com\\\/?s={search_term_string}\"},\"query-input\":{\"@type\":\"PropertyValueSpecification\",\"valueRequired\":true,\"valueName\":\"search_term_string\"}}],\"inLanguage\":\"hr\"},{\"@type\":\"Organization\",\"@id\":\"https:\\\/\\\/poliklinika-mediderm.com\\\/#organization\",\"name\":\"Poliklinika Mediderm\",\"alternateName\":\"Mediderm Clinic\",\"url\":\"https:\\\/\\\/poliklinika-mediderm.com\\\/\",\"logo\":{\"@type\":\"ImageObject\",\"inLanguage\":\"hr\",\"@id\":\"https:\\\/\\\/poliklinika-mediderm.com\\\/#\\\/schema\\\/logo\\\/image\\\/\",\"url\":\"https:\\\/\\\/poliklinika-mediderm.com\\\/wp-content\\\/uploads\\\/2024\\\/01\\\/mediderm-logo-01-1.svg\",\"contentUrl\":\"https:\\\/\\\/poliklinika-mediderm.com\\\/wp-content\\\/uploads\\\/2024\\\/01\\\/mediderm-logo-01-1.svg\",\"caption\":\"Poliklinika Mediderm\"},\"image\":{\"@id\":\"https:\\\/\\\/poliklinika-mediderm.com\\\/#\\\/schema\\\/logo\\\/image\\\/\"},\"sameAs\":[\"https:\\\/\\\/www.facebook.com\\\/PoliklinikaMediDerm\",\"https:\\\/\\\/www.instagram.com\\\/poliklinika.mediderm\\\/\"]}]}<\/script>\n<!-- \/ Yoast SEO plugin. -->","yoast_head_json":{"title":"NextGenerationEU - Poliklinika Mediderm","description":"MediDerm Clinic, mjesto vrhunske medicinske usluge iz podru\u010dja dermatovenerologije, estetske medicine, kirurgije, pulmologije, kardiologije, ortopedije i dijagnostike.","robots":{"index":"index","follow":"follow","max-snippet":"max-snippet:-1","max-image-preview":"max-image-preview:large","max-video-preview":"max-video-preview:-1"},"canonical":"https:\/\/poliklinika-mediderm.com\/hr\/nextgenerationeu\/","og_locale":"hr_HR","og_type":"article","og_title":"NextGenerationEU - Poliklinika Mediderm","og_description":"MediDerm Clinic, mjesto vrhunske medicinske usluge iz podru\u010dja dermatovenerologije, estetske medicine, kirurgije, pulmologije, kardiologije, ortopedije i dijagnostike.","og_url":"https:\/\/poliklinika-mediderm.com\/hr\/nextgenerationeu\/","og_site_name":"Poliklinika Mediderm","article_publisher":"https:\/\/www.facebook.com\/PoliklinikaMediDerm","article_modified_time":"2024-09-03T12:46:33+00:00","og_image":[{"url":"https:\/\/poliklinika-mediderm.com\/wp-content\/uploads\/2024\/09\/rh-300x92.jpg","type":"","width":"","height":""}],"twitter_card":"summary_large_image","twitter_misc":{"Procijenjeno vrijeme \u010ditanja":"6 minuta"},"schema":{"@context":"https:\/\/schema.org","@graph":[{"@type":"WebPage","@id":"https:\/\/poliklinika-mediderm.com\/hr\/nextgenerationeu\/","url":"https:\/\/poliklinika-mediderm.com\/hr\/nextgenerationeu\/","name":"NextGenerationEU - Poliklinika Mediderm","isPartOf":{"@id":"https:\/\/poliklinika-mediderm.com\/#website"},"primaryImageOfPage":{"@id":"https:\/\/poliklinika-mediderm.com\/hr\/nextgenerationeu\/#primaryimage"},"image":{"@id":"https:\/\/poliklinika-mediderm.com\/hr\/nextgenerationeu\/#primaryimage"},"thumbnailUrl":"https:\/\/poliklinika-mediderm.com\/wp-content\/uploads\/2024\/09\/rh-300x92.jpg","datePublished":"2024-02-09T17:49:45+00:00","dateModified":"2024-09-03T12:46:33+00:00","description":"MediDerm Clinic, mjesto vrhunske medicinske usluge iz podru\u010dja dermatovenerologije, estetske medicine, kirurgije, pulmologije, kardiologije, ortopedije i dijagnostike.","breadcrumb":{"@id":"https:\/\/poliklinika-mediderm.com\/hr\/nextgenerationeu\/#breadcrumb"},"inLanguage":"hr","potentialAction":[{"@type":"ReadAction","target":["https:\/\/poliklinika-mediderm.com\/hr\/nextgenerationeu\/"]}]},{"@type":"ImageObject","inLanguage":"hr","@id":"https:\/\/poliklinika-mediderm.com\/hr\/nextgenerationeu\/#primaryimage","url":"https:\/\/poliklinika-mediderm.com\/wp-content\/uploads\/2024\/09\/rh-300x92.jpg","contentUrl":"https:\/\/poliklinika-mediderm.com\/wp-content\/uploads\/2024\/09\/rh-300x92.jpg"},{"@type":"BreadcrumbList","@id":"https:\/\/poliklinika-mediderm.com\/hr\/nextgenerationeu\/#breadcrumb","itemListElement":[{"@type":"ListItem","position":1,"name":"Po\u010detna stranica","item":"https:\/\/poliklinika-mediderm.com\/hr\/"},{"@type":"ListItem","position":2,"name":"NextGenerationEU"}]},{"@type":"WebSite","@id":"https:\/\/poliklinika-mediderm.com\/#website","url":"https:\/\/poliklinika-mediderm.com\/","name":"Poliklinika Mediderm","description":"Poliklinika, kirurgija, dermatologija, ...","publisher":{"@id":"https:\/\/poliklinika-mediderm.com\/#organization"},"alternateName":"Mediderm Clinic","potentialAction":[{"@type":"SearchAction","target":{"@type":"EntryPoint","urlTemplate":"https:\/\/poliklinika-mediderm.com\/?s={search_term_string}"},"query-input":{"@type":"PropertyValueSpecification","valueRequired":true,"valueName":"search_term_string"}}],"inLanguage":"hr"},{"@type":"Organization","@id":"https:\/\/poliklinika-mediderm.com\/#organization","name":"Poliklinika Mediderm","alternateName":"Mediderm Clinic","url":"https:\/\/poliklinika-mediderm.com\/","logo":{"@type":"ImageObject","inLanguage":"hr","@id":"https:\/\/poliklinika-mediderm.com\/#\/schema\/logo\/image\/","url":"https:\/\/poliklinika-mediderm.com\/wp-content\/uploads\/2024\/01\/mediderm-logo-01-1.svg","contentUrl":"https:\/\/poliklinika-mediderm.com\/wp-content\/uploads\/2024\/01\/mediderm-logo-01-1.svg","caption":"Poliklinika Mediderm"},"image":{"@id":"https:\/\/poliklinika-mediderm.com\/#\/schema\/logo\/image\/"},"sameAs":["https:\/\/www.facebook.com\/PoliklinikaMediDerm","https:\/\/www.instagram.com\/poliklinika.mediderm\/"]}]}},"_links":{"self":[{"href":"https:\/\/poliklinika-mediderm.com\/hr\/wp-json\/wp\/v2\/pages\/381","targetHints":{"allow":["GET"]}}],"collection":[{"href":"https:\/\/poliklinika-mediderm.com\/hr\/wp-json\/wp\/v2\/pages"}],"about":[{"href":"https:\/\/poliklinika-mediderm.com\/hr\/wp-json\/wp\/v2\/types\/page"}],"author":[{"embeddable":true,"href":"https:\/\/poliklinika-mediderm.com\/hr\/wp-json\/wp\/v2\/users\/1"}],"replies":[{"embeddable":true,"href":"https:\/\/poliklinika-mediderm.com\/hr\/wp-json\/wp\/v2\/comments?post=381"}],"version-history":[{"count":13,"href":"https:\/\/poliklinika-mediderm.com\/hr\/wp-json\/wp\/v2\/pages\/381\/revisions"}],"predecessor-version":[{"id":456,"href":"https:\/\/poliklinika-mediderm.com\/hr\/wp-json\/wp\/v2\/pages\/381\/revisions\/456"}],"wp:attachment":[{"href":"https:\/\/poliklinika-mediderm.com\/hr\/wp-json\/wp\/v2\/media?parent=381"}],"curies":[{"name":"wp","href":"https:\/\/api.w.org\/{rel}","templated":true}]}}